{"id":191,"date":"2018-10-09T22:54:31","date_gmt":"2018-10-09T22:54:31","guid":{"rendered":"http:\/\/burnhambox.com\/kuist\/?page_id=12"},"modified":"2025-12-30T19:52:06","modified_gmt":"2025-12-30T19:52:06","slug":"forside","status":"publish","type":"page","link":"https:\/\/demo1.youngweb.dk\/","title":{"rendered":"Forside"},"content":{"rendered":"\n<figure class=\"wp-block-image size-medium is-resized\"><img loading=\"lazy\" decoding=\"async\" width=\"300\" height=\"300\" src=\"https:\/\/demo1.youngweb.dk\/wp-content\/uploads\/2025\/10\/Tinart_Logo_Circle-300x300.png\" alt=\"\" class=\"wp-image-363\" style=\"width:240px;height:auto\" srcset=\"https:\/\/demo1.youngweb.dk\/wp-content\/uploads\/2025\/10\/Tinart_Logo_Circle-300x300.png 300w, https:\/\/demo1.youngweb.dk\/wp-content\/uploads\/2025\/10\/Tinart_Logo_Circle-100x100.png 100w, https:\/\/demo1.youngweb.dk\/wp-content\/uploads\/2025\/10\/Tinart_Logo_Circle-150x150.png 150w, https:\/\/demo1.youngweb.dk\/wp-content\/uploads\/2025\/10\/Tinart_Logo_Circle-250x250.png 250w, https:\/\/demo1.youngweb.dk\/wp-content\/uploads\/2025\/10\/Tinart_Logo_Circle-400x400.png 400w, https:\/\/demo1.youngweb.dk\/wp-content\/uploads\/2025\/10\/Tinart_Logo_Circle.png 500w\" sizes=\"auto, (max-width: 300px) 100vw, 300px\" \/><\/figure>\n\n\n\n<div class=\"wp-block-media-text is-stacked-on-mobile\" style=\"grid-template-columns:24% auto\"><figure class=\"wp-block-media-text__media\"><img loading=\"lazy\" decoding=\"async\" width=\"242\" height=\"300\" src=\"https:\/\/demo1.youngweb.dk\/wp-content\/uploads\/2025\/10\/Tina_Profilbillede_Tinart_by_Nature-242x300.png\" alt=\"\" class=\"wp-image-281 size-medium\" srcset=\"https:\/\/demo1.youngweb.dk\/wp-content\/uploads\/2025\/10\/Tina_Profilbillede_Tinart_by_Nature-242x300.png 242w, https:\/\/demo1.youngweb.dk\/wp-content\/uploads\/2025\/10\/Tina_Profilbillede_Tinart_by_Nature-600x745.png 600w, https:\/\/demo1.youngweb.dk\/wp-content\/uploads\/2025\/10\/Tina_Profilbillede_Tinart_by_Nature-825x1024.png 825w, https:\/\/demo1.youngweb.dk\/wp-content\/uploads\/2025\/10\/Tina_Profilbillede_Tinart_by_Nature-768x954.png 768w, https:\/\/demo1.youngweb.dk\/wp-content\/uploads\/2025\/10\/Tina_Profilbillede_Tinart_by_Nature-1237x1536.png 1237w, https:\/\/demo1.youngweb.dk\/wp-content\/uploads\/2025\/10\/Tina_Profilbillede_Tinart_by_Nature-201x250.png 201w, https:\/\/demo1.youngweb.dk\/wp-content\/uploads\/2025\/10\/Tina_Profilbillede_Tinart_by_Nature-805x1000.png 805w, https:\/\/demo1.youngweb.dk\/wp-content\/uploads\/2025\/10\/Tina_Profilbillede_Tinart_by_Nature.png 1411w\" sizes=\"auto, (max-width: 242px) 100vw, 242px\" \/><\/figure><div class=\"wp-block-media-text__content\">\n<blockquote class=\"wp-block-quote is-layout-flow wp-block-quote-is-layout-flow\">\n<p class=\"has-text-align-left\" style=\"font-size:17px;font-style:normal;font-weight:300;letter-spacing:1px;text-transform:none\">Jeg hedder Tina og er en kreativ sj\u00e6l, som driver Instagram profilen Tinart by Nature.<\/p>\n<\/blockquote>\n\n\n\n<blockquote class=\"wp-block-quote is-layout-flow wp-block-quote-is-layout-flow\">\n<p class=\"has-text-align-left\" style=\"font-size:17px;font-style:normal;font-weight:300;letter-spacing:1px;text-transform:none\">Med inspiration fra naturen laver jeg blandt andet malerier, hjemmelavede v\u00e6rtindegaver, kreative tr\u00e6b\u00e5de, stenbilleder, julekugler og meget mere.<\/p>\n<\/blockquote>\n\n\n\n<blockquote class=\"wp-block-quote is-layout-flow wp-block-quote-is-layout-flow\">\n<p class=\"has-text-align-left\" style=\"font-size:17px;font-style:normal;font-weight:300;letter-spacing:1px;text-transform:none\">Har du sp\u00f8rgsm\u00e5l, s\u00e5 find mig p\u00e5 Instagram eller kontakt mig via kontaktformularen. <\/p>\n<\/blockquote>\n\n\n\n<blockquote class=\"wp-block-quote is-layout-flow wp-block-quote-is-layout-flow\">\n<p class=\"has-text-align-left\" style=\"font-size:17px;font-style:normal;font-weight:300;letter-spacing:1px;text-transform:none\">Find inspiration til mine produkter her p\u00e5 siden. God forn\u00f8jelse, Tina.<\/p>\n<\/blockquote>\n<\/div><\/div>\n\n\n\n<h2 class=\"wp-block-heading has-large-font-size\">Mine Produkter<\/h2>\n\n\n<p><!--ScriptorEndFragment--><\/p>","protected":false},"excerpt":{"rendered":"<p>Mine Produkter<\/p>\n","protected":false},"author":1,"featured_media":0,"parent":0,"menu_order":0,"comment_status":"closed","ping_status":"closed","template":"templates\/works.php","meta":{"footnotes":""},"class_list":["post-191","page","type-page","status-publish","hentry"],"jetpack_sharing_enabled":true,"_links":{"self":[{"href":"https:\/\/demo1.youngweb.dk\/index.php?rest_route=\/wp\/v2\/pages\/191","targetHints":{"allow":["GET"]}}],"collection":[{"href":"https:\/\/demo1.youngweb.dk\/index.php?rest_route=\/wp\/v2\/pages"}],"about":[{"href":"https:\/\/demo1.youngweb.dk\/index.php?rest_route=\/wp\/v2\/types\/page"}],"author":[{"embeddable":true,"href":"https:\/\/demo1.youngweb.dk\/index.php?rest_route=\/wp\/v2\/users\/1"}],"replies":[{"embeddable":true,"href":"https:\/\/demo1.youngweb.dk\/index.php?rest_route=%2Fwp%2Fv2%2Fcomments&post=191"}],"version-history":[{"count":53,"href":"https:\/\/demo1.youngweb.dk\/index.php?rest_route=\/wp\/v2\/pages\/191\/revisions"}],"predecessor-version":[{"id":655,"href":"https:\/\/demo1.youngweb.dk\/index.php?rest_route=\/wp\/v2\/pages\/191\/revisions\/655"}],"wp:attachment":[{"href":"https:\/\/demo1.youngweb.dk\/index.php?rest_route=%2Fwp%2Fv2%2Fmedia&parent=191"}],"curies":[{"name":"wp","href":"https:\/\/api.w.org\/{rel}","templated":true}]}}